{"id":1035,"date":"2026-03-11T18:54:11","date_gmt":"2026-03-11T17:54:11","guid":{"rendered":"https:\/\/blanca-laura.com\/les-miscellanees-du-bonheur\/?page_id=1035"},"modified":"2026-03-13T07:50:41","modified_gmt":"2026-03-13T06:50:41","slug":"testimonies-testimonios-temoignages","status":"publish","type":"page","link":"https:\/\/blanca-laura.com\/les-miscellanees-du-bonheur\/testimonies-testimonios-temoignages\/","title":{"rendered":"Testimonies | Testimonios | T\u00e9moignages"},"content":{"rendered":"\n<p>Every family has a story, and every person carries a unique light. Then here we share the testimonies, I mean, the journey of those who have embraced our methods\u2014finding peace, organization, and spiritual strength. These aren\u2019t just reviews; they are the heartbeats of the Blanca-Laura community.<\/p>\n\n\n\n<p>Our community speaks many languages, but we share one heart, because we know how important is for you to stay in touch. Thus, here are some of the voices of the Blanca-Laura journey. Enjoy!<\/p>\n\n\n\n<h4 class=\"wp-block-heading\">Fran\u00e7ais<\/h4>\n\n\n\n<details class=\"wp-block-details is-layout-flow wp-block-details-is-layout-flow\"><summary>Les m\u00e9thodes Blanca-Laura sont transportables partout et sont tr\u00e8s instructives, je suis satisfaite.<\/summary>\n<p>J&#8217;ai re\u00e7u les m\u00e9thodes Blanca-Laura et d\u00e9j\u00e0, \u00e0 premi\u00e8re vue, j&#8217;ai \u00e9t\u00e9 charm\u00e9e par la petite bo\u00eete dor\u00e9e qu&#8217;on peut facilement transporter que ce soit dans une poche, un sac&#8230; Les m\u00e9thodes elles-m\u00eames sont contenues dans des cartes avec des dessins simples et color\u00e9s, ce qui me pla\u00eet beaucoup. Les conseils pour \u00e9conomiser, perdre du poids, avoir de bonnes notes, prier en famille et organiser le foyer sont tr\u00e8s clairs et instructifs. Sur chaque carte, l&#8217;ensemble est tr\u00e8s bien organis\u00e9. Cela co\u00fbtait un peu cher mais \u00e7a en vaut la peine&nbsp;! <em>Leita, France.<\/em><\/p>\n<\/details>\n\n\n\n<h4 class=\"wp-block-heading\">English<\/h4>\n\n\n\n<details class=\"wp-block-details is-layout-flow wp-block-details-is-layout-flow\"><summary>Excellent methods for a happy life!<\/summary>\n<p>This set of methods for organizing at home, for praying, for losing weight, for better reviewing and studying, as well as for saving money, is a real help to improve daily life!<br>Thanks to it, no more wasted time related to organization! It also gave me very good advice for praying, alone or with family, for eating healthily every day, and allowed me to set up a real schedule to study and effectively absorb my lessons! I highly recommend it to everyone! <em>Rudolph, USA.<\/em><\/p>\n<\/details>\n\n\n\n<h4 class=\"wp-block-heading\">Espa\u00f1ol<\/h4>\n\n\n\n<details class=\"wp-block-details is-layout-flow wp-block-details-is-layout-flow\"><summary>M\u00e9todos estupendos, compactos y muy pr\u00e1cticos en este formato de tarjeta de cr\u00e9dito, entregados con su muy elegante estuche dorado.<\/summary>\n<p>He elegido el lote de 5 m\u00e9todos que utilizo en mi vida diaria y que me facilitan la vida. En caso de duda, los consulto porque siempre los tengo en mi cartera. Cada uno de ellos es realmente pr\u00e1ctico, conciso y \u00fatil en el d\u00eda a d\u00eda. Todo esto realmente me facilita la vida. Gracias.<em> Emilio, M\u00e9xico.<\/em><\/p>\n<\/details>\n","protected":false},"excerpt":{"rendered":"<p>Every family has a story, and every person carries a unique light. Then here we share the testimonies, I mean, the journey of those who have embraced our methods\u2014finding peace, organization, and spiritual strength. These aren\u2019t just reviews; they are the heartbeats of the Blanca-Laura community. Our community speaks many languages, but we share one [&hellip;]<\/p>\n","protected":false},"author":1,"featured_media":0,"parent":0,"menu_order":0,"comment_status":"closed","ping_status":"closed","template":"","meta":{"footnotes":""},"class_list":["post-1035","page","type-page","status-publish","hentry"],"yoast_head":"<!-- This site is optimized with the Yoast SEO plugin v27.3 - https:\/\/yoast.com\/product\/yoast-seo-wordpress\/ -->\n<title>Testimonies | Testimonios | Temoignages<\/title>\n<meta name=\"description\" content=\"Testimonies Testimonios T\u00e9moignages : These aren\u2019t just reviews; they are the heartbeats of the Blanca-Laura community.\" \/>\n<meta name=\"robots\" content=\"index, follow, max-snippet:-1, max-image-preview:large, max-video-preview:-1\" \/>\n<link rel=\"canonical\" href=\"https:\/\/blanca-laura.com\/les-miscellanees-du-bonheur\/testimonies-testimonios-temoignages\/\" \/>\n<meta property=\"og:locale\" content=\"en_GB\" \/>\n<meta property=\"og:type\" content=\"article\" \/>\n<meta property=\"og:title\" content=\"Testimonies | Testimonios | Temoignages\" \/>\n<meta property=\"og:description\" content=\"Testimonies Testimonios T\u00e9moignages : These aren\u2019t just reviews; they are the heartbeats of the Blanca-Laura community.\" \/>\n<meta property=\"og:url\" content=\"https:\/\/blanca-laura.com\/les-miscellanees-du-bonheur\/testimonies-testimonios-temoignages\/\" \/>\n<meta property=\"og:site_name\" content=\"Les Miscellan\u00e9es du Bonheur\" \/>\n<meta property=\"article:publisher\" content=\"https:\/\/www.facebook.com\/profile.php?id=61551054304235&amp;locale=fr_FR\" \/>\n<meta property=\"article:modified_time\" content=\"2026-03-13T06:50:41+00:00\" \/>\n<meta name=\"twitter:card\" content=\"summary_large_image\" \/>\n<meta name=\"twitter:label1\" content=\"Estimated reading time\" \/>\n\t<meta name=\"twitter:data1\" content=\"2 minutes\" \/>\n<script type=\"application\/ld+json\" class=\"yoast-schema-graph\">{\"@context\":\"https:\\\/\\\/schema.org\",\"@graph\":[{\"@type\":\"WebPage\",\"@id\":\"https:\\\/\\\/blanca-laura.com\\\/les-miscellanees-du-bonheur\\\/testimonies-testimonios-temoignages\\\/\",\"url\":\"https:\\\/\\\/blanca-laura.com\\\/les-miscellanees-du-bonheur\\\/testimonies-testimonios-temoignages\\\/\",\"name\":\"Testimonies | Testimonios | Temoignages\",\"isPartOf\":{\"@id\":\"https:\\\/\\\/blanca-laura.com\\\/les-miscellanees-du-bonheur\\\/#website\"},\"datePublished\":\"2026-03-11T17:54:11+00:00\",\"dateModified\":\"2026-03-13T06:50:41+00:00\",\"description\":\"Testimonies Testimonios T\u00e9moignages : These aren\u2019t just reviews; they are the heartbeats of the Blanca-Laura community.\",\"breadcrumb\":{\"@id\":\"https:\\\/\\\/blanca-laura.com\\\/les-miscellanees-du-bonheur\\\/testimonies-testimonios-temoignages\\\/#breadcrumb\"},\"inLanguage\":\"en-GB\",\"potentialAction\":[{\"@type\":\"ReadAction\",\"target\":[\"https:\\\/\\\/blanca-laura.com\\\/les-miscellanees-du-bonheur\\\/testimonies-testimonios-temoignages\\\/\"]}]},{\"@type\":\"BreadcrumbList\",\"@id\":\"https:\\\/\\\/blanca-laura.com\\\/les-miscellanees-du-bonheur\\\/testimonies-testimonios-temoignages\\\/#breadcrumb\",\"itemListElement\":[{\"@type\":\"ListItem\",\"position\":1,\"name\":\"Home\",\"item\":\"https:\\\/\\\/blanca-laura.com\\\/les-miscellanees-du-bonheur\\\/\"},{\"@type\":\"ListItem\",\"position\":2,\"name\":\"Testimonies | Testimonios | T\u00e9moignages\"}]},{\"@type\":\"WebSite\",\"@id\":\"https:\\\/\\\/blanca-laura.com\\\/les-miscellanees-du-bonheur\\\/#website\",\"url\":\"https:\\\/\\\/blanca-laura.com\\\/les-miscellanees-du-bonheur\\\/\",\"name\":\"Blanca-Laura Methods official shop \\\"Les Miscellan\u00e9es du Bonheur\\\"\",\"description\":\"The official store to get the Blanca-Laura Methods for a Happy Life\",\"potentialAction\":[{\"@type\":\"SearchAction\",\"target\":{\"@type\":\"EntryPoint\",\"urlTemplate\":\"https:\\\/\\\/blanca-laura.com\\\/les-miscellanees-du-bonheur\\\/?s={search_term_string}\"},\"query-input\":{\"@type\":\"PropertyValueSpecification\",\"valueRequired\":true,\"valueName\":\"search_term_string\"}}],\"inLanguage\":\"en-GB\"}]}<\/script>\n<!-- \/ Yoast SEO plugin. -->","yoast_head_json":{"title":"Testimonies | Testimonios | Temoignages","description":"Testimonies Testimonios T\u00e9moignages : These aren\u2019t just reviews; they are the heartbeats of the Blanca-Laura community.","robots":{"index":"index","follow":"follow","max-snippet":"max-snippet:-1","max-image-preview":"max-image-preview:large","max-video-preview":"max-video-preview:-1"},"canonical":"https:\/\/blanca-laura.com\/les-miscellanees-du-bonheur\/testimonies-testimonios-temoignages\/","og_locale":"en_GB","og_type":"article","og_title":"Testimonies | Testimonios | Temoignages","og_description":"Testimonies Testimonios T\u00e9moignages : These aren\u2019t just reviews; they are the heartbeats of the Blanca-Laura community.","og_url":"https:\/\/blanca-laura.com\/les-miscellanees-du-bonheur\/testimonies-testimonios-temoignages\/","og_site_name":"Les Miscellan\u00e9es du Bonheur","article_publisher":"https:\/\/www.facebook.com\/profile.php?id=61551054304235&locale=fr_FR","article_modified_time":"2026-03-13T06:50:41+00:00","twitter_card":"summary_large_image","twitter_misc":{"Estimated reading time":"2 minutes"},"schema":{"@context":"https:\/\/schema.org","@graph":[{"@type":"WebPage","@id":"https:\/\/blanca-laura.com\/les-miscellanees-du-bonheur\/testimonies-testimonios-temoignages\/","url":"https:\/\/blanca-laura.com\/les-miscellanees-du-bonheur\/testimonies-testimonios-temoignages\/","name":"Testimonies | Testimonios | Temoignages","isPartOf":{"@id":"https:\/\/blanca-laura.com\/les-miscellanees-du-bonheur\/#website"},"datePublished":"2026-03-11T17:54:11+00:00","dateModified":"2026-03-13T06:50:41+00:00","description":"Testimonies Testimonios T\u00e9moignages : These aren\u2019t just reviews; they are the heartbeats of the Blanca-Laura community.","breadcrumb":{"@id":"https:\/\/blanca-laura.com\/les-miscellanees-du-bonheur\/testimonies-testimonios-temoignages\/#breadcrumb"},"inLanguage":"en-GB","potentialAction":[{"@type":"ReadAction","target":["https:\/\/blanca-laura.com\/les-miscellanees-du-bonheur\/testimonies-testimonios-temoignages\/"]}]},{"@type":"BreadcrumbList","@id":"https:\/\/blanca-laura.com\/les-miscellanees-du-bonheur\/testimonies-testimonios-temoignages\/#breadcrumb","itemListElement":[{"@type":"ListItem","position":1,"name":"Home","item":"https:\/\/blanca-laura.com\/les-miscellanees-du-bonheur\/"},{"@type":"ListItem","position":2,"name":"Testimonies | Testimonios | T\u00e9moignages"}]},{"@type":"WebSite","@id":"https:\/\/blanca-laura.com\/les-miscellanees-du-bonheur\/#website","url":"https:\/\/blanca-laura.com\/les-miscellanees-du-bonheur\/","name":"Blanca-Laura Methods official shop \"Les Miscellan\u00e9es du Bonheur\"","description":"The official store to get the Blanca-Laura Methods for a Happy Life","potentialAction":[{"@type":"SearchAction","target":{"@type":"EntryPoint","urlTemplate":"https:\/\/blanca-laura.com\/les-miscellanees-du-bonheur\/?s={search_term_string}"},"query-input":{"@type":"PropertyValueSpecification","valueRequired":true,"valueName":"search_term_string"}}],"inLanguage":"en-GB"}]}},"_links":{"self":[{"href":"https:\/\/blanca-laura.com\/les-miscellanees-du-bonheur\/wp-json\/wp\/v2\/pages\/1035","targetHints":{"allow":["GET"]}}],"collection":[{"href":"https:\/\/blanca-laura.com\/les-miscellanees-du-bonheur\/wp-json\/wp\/v2\/pages"}],"about":[{"href":"https:\/\/blanca-laura.com\/les-miscellanees-du-bonheur\/wp-json\/wp\/v2\/types\/page"}],"author":[{"embeddable":true,"href":"https:\/\/blanca-laura.com\/les-miscellanees-du-bonheur\/wp-json\/wp\/v2\/users\/1"}],"replies":[{"embeddable":true,"href":"https:\/\/blanca-laura.com\/les-miscellanees-du-bonheur\/wp-json\/wp\/v2\/comments?post=1035"}],"version-history":[{"count":5,"href":"https:\/\/blanca-laura.com\/les-miscellanees-du-bonheur\/wp-json\/wp\/v2\/pages\/1035\/revisions"}],"predecessor-version":[{"id":1112,"href":"https:\/\/blanca-laura.com\/les-miscellanees-du-bonheur\/wp-json\/wp\/v2\/pages\/1035\/revisions\/1112"}],"wp:attachment":[{"href":"https:\/\/blanca-laura.com\/les-miscellanees-du-bonheur\/wp-json\/wp\/v2\/media?parent=1035"}],"curies":[{"name":"wp","href":"https:\/\/api.w.org\/{rel}","templated":true}]}}