{"id":8,"date":"2025-07-07T10:27:54","date_gmt":"2025-07-07T08:27:54","guid":{"rendered":"https:\/\/blanca-laura.com\/les-miscellanees-du-bonheur\/cart\/"},"modified":"2026-03-13T07:44:01","modified_gmt":"2026-03-13T06:44:01","slug":"cart","status":"publish","type":"page","link":"https:\/\/blanca-laura.com\/les-miscellanees-du-bonheur\/cart\/","title":{"rendered":"Basket | Canasta | Panier"},"content":{"rendered":"\n<div data-block-name=\"woocommerce\/cart\" class=\"wp-block-woocommerce-cart alignwide is-loading\">\n<div data-block-name=\"woocommerce\/filled-cart-block\" class=\"wp-block-woocommerce-filled-cart-block\">\n<div data-block-name=\"woocommerce\/cart-items-block\" class=\"wp-block-woocommerce-cart-items-block\">\n<div data-block-name=\"woocommerce\/cart-line-items-block\" class=\"wp-block-woocommerce-cart-line-items-block\"><\/div>\n\n\n\n<div data-block-name=\"woocommerce\/cart-cross-sells-block\" class=\"wp-block-woocommerce-cart-cross-sells-block\">\n<h2 class=\"wp-block-heading has-large-font-size\">You may be interested in\u2026<\/h2>\n\n\n\n<div data-block-name=\"woocommerce\/cart-cross-sells-products-block\" class=\"wp-block-woocommerce-cart-cross-sells-products-block\"><\/div>\n<\/div>\n<\/div>\n\n\n\n<div data-block-name=\"woocommerce\/cart-totals-block\" class=\"wp-block-woocommerce-cart-totals-block\">\n<div data-block-name=\"woocommerce\/cart-order-summary-block\" class=\"wp-block-woocommerce-cart-order-summary-block\">\n<div data-block-name=\"woocommerce\/cart-order-summary-heading-block\" data-content=\"Basket totals\" class=\"wp-block-woocommerce-cart-order-summary-heading-block\"><\/div>\n\n\n\n<div data-block-name=\"woocommerce\/cart-order-summary-coupon-form-block\" class=\"wp-block-woocommerce-cart-order-summary-coupon-form-block\"><\/div>\n\n\n\n<div data-block-name=\"woocommerce\/cart-order-summary-totals-block\" class=\"wp-block-woocommerce-cart-order-summary-totals-block\">\n<div data-block-name=\"woocommerce\/cart-order-summary-subtotal-block\" class=\"wp-block-woocommerce-cart-order-summary-subtotal-block\"><\/div>\n\n\n\n<div data-block-name=\"woocommerce\/cart-order-summary-fee-block\" class=\"wp-block-woocommerce-cart-order-summary-fee-block\"><\/div>\n\n\n\n<div data-block-name=\"woocommerce\/cart-order-summary-discount-block\" class=\"wp-block-woocommerce-cart-order-summary-discount-block\"><\/div>\n\n\n\n<div data-block-name=\"woocommerce\/cart-order-summary-shipping-block\" class=\"wp-block-woocommerce-cart-order-summary-shipping-block\"><\/div>\n\n\n\n<div data-block-name=\"woocommerce\/cart-order-summary-taxes-block\" class=\"wp-block-woocommerce-cart-order-summary-taxes-block\"><\/div>\n<\/div>\n<\/div>\n\n\n<div data-lock=\"{&quot;remove&quot;:true}\" data-ppcp-id=\"ppcp-4e4ca28c-0418-4a6d-86d0-f9176d5364a7\" data-block-name=\"woocommerce-paypal-payments\/cart-paylater-messages\" data-pp-placement=\"cart\" data-pp-style-layout=\"text\" data-pp-style-logo-position=\"left\" data-pp-style-logo-type=\"inline\" data-pp-style-text-color=\"black\" data-pp-style-text-size=\"12\" id=\"ppcp-4e4ca28c-0418-4a6d-86d0-f9176d5364a7\" class=\"ppcp-messages\" data-partner-attribution-id=\"Woo_PPCP\"><\/div>\n\n\n<div data-block-name=\"woocommerce\/cart-express-payment-block\" class=\"wp-block-woocommerce-cart-express-payment-block\"><\/div>\n\n\n\n<div data-block-name=\"woocommerce\/proceed-to-checkout-block\" class=\"wp-block-woocommerce-proceed-to-checkout-block\"><\/div>\n<div id=\"ppcp-recaptcha-v2-container\" style=\"margin:20px 0;\"><\/div>\n\n\n<div data-block-name=\"woocommerce\/cart-accepted-payment-methods-block\" class=\"wp-block-woocommerce-cart-accepted-payment-methods-block\"><\/div>\n<\/div>\n<\/div>\n\n\n\n<div data-block-name=\"woocommerce\/empty-cart-block\" class=\"wp-block-woocommerce-empty-cart-block\">\n<h2 class=\"wp-block-heading has-text-align-center with-empty-cart-icon wc-block-cart__empty-cart__title\">Your cart is currently empty!<\/h2>\n\n\n\n<hr class=\"wp-block-separator has-alpha-channel-opacity is-style-dots\"\/>\n\n\n\n<h2 class=\"wp-block-heading has-text-align-center\">New in store<\/h2>\n\n\n<div data-block-name=\"woocommerce\/product-new\" data-columns=\"4\" data-rows=\"1\" class=\"wc-block-grid wp-block-product-new wp-block-woocommerce-product-new wc-block-product-new has-4-columns\"><ul class=\"wc-block-grid__products\"><li class=\"wc-block-grid__product\">\n\t\t\t\t<a href=\"https:\/\/blanca-laura.com\/les-miscellanees-du-bonheur\/product\/medailles-et-images-catholiques\/\" class=\"wc-block-grid__product-link\">\n\t\t\t\t\t\n\t\t\t\t\t<div class=\"wc-block-grid__product-image\"><img width=\"324\" height=\"359\"  class=\"attachment-woocommerce_thumbnail size-woocommerce_thumbnail lws-optimize-lazyload\" alt=\"Ensemble des 4 mod\u00e8les Vierge de Guadalupe, Saint Suaire, Verbe Incarn\u00e9 et J\u00e9sus de la Mis\u00e9ricorde en Cartes Catholiques et m\u00e9dailles en bronze vieilli sur fond sombre\" srcset=\"https:\/\/blanca-laura.com\/les-miscellanees-du-bonheur\/wp-content\/uploads\/2026\/04\/pack-de-cinq-medailles-et-de-cinq-cartes-catholiques-324x359.webp 324w, https:\/\/blanca-laura.com\/les-miscellanees-du-bonheur\/wp-content\/uploads\/2026\/04\/pack-de-cinq-medailles-et-de-cinq-cartes-catholiques-271x300.webp 271w, https:\/\/blanca-laura.com\/les-miscellanees-du-bonheur\/wp-content\/uploads\/2026\/04\/pack-de-cinq-medailles-et-de-cinq-cartes-catholiques-416x461.webp 416w, https:\/\/blanca-laura.com\/les-miscellanees-du-bonheur\/wp-content\/uploads\/2026\/04\/pack-de-cinq-medailles-et-de-cinq-cartes-catholiques.webp 764w\" sizes=\"(max-width: 324px) 100vw, 324px\" \/ data-src=\"https:\/\/blanca-laura.com\/les-miscellanees-du-bonheur\/wp-content\/uploads\/2026\/04\/pack-de-cinq-medailles-et-de-cinq-cartes-catholiques-324x359.webp\"><\/div>\n\t\t\t\t\t<div class=\"wc-block-grid__product-title\">Excellence et Spiritualit\u00e9 (\u00c9dition Fran\u00e7aise)<\/div>\n\t\t\t\t<\/a>\n\t\t\t\t<div class=\"wc-block-grid__product-price price\"><span class=\"woocommerce-Price-amount amount\" aria-hidden=\"true\">5,00&nbsp;<span class=\"woocommerce-Price-currencySymbol\">&euro;<\/span><\/span> <span aria-hidden=\"true\">&ndash;<\/span> <span class=\"woocommerce-Price-amount amount\" aria-hidden=\"true\">40,00&nbsp;<span class=\"woocommerce-Price-currencySymbol\">&euro;<\/span><\/span><span class=\"screen-reader-text\">Price range: 5,00&nbsp;&euro; through 40,00&nbsp;&euro;<\/span><\/div>\n\t\t\t\t\n\t\t\t\t<div class=\"wp-block-button wc-block-grid__product-add-to-cart\"><a href=\"https:\/\/blanca-laura.com\/les-miscellanees-du-bonheur\/product\/medailles-et-images-catholiques\/\" aria-label=\"Select options for &ldquo;Excellence et Spiritualit\u00e9 (\u00c9dition Fran\u00e7aise)&rdquo;\" data-quantity=\"1\" data-product_id=\"1246\" data-product_sku=\"\" data-price=\"5\" rel=\"nofollow\" class=\"wp-block-button__link  add_to_cart_button\">Select options<\/a><\/div>\n\t\t\t<\/li><li class=\"wc-block-grid__product\">\n\t\t\t\t<a href=\"https:\/\/blanca-laura.com\/les-miscellanees-du-bonheur\/product\/catholic-medals-and-holy-cards\/\" class=\"wc-block-grid__product-link\">\n\t\t\t\t\t\n\t\t\t\t\t<div class=\"wc-block-grid__product-image\"><img width=\"324\" height=\"359\"  class=\"attachment-woocommerce_thumbnail size-woocommerce_thumbnail lws-optimize-lazyload\" alt=\"Set of the 4 models Virgin of Guadalupe, Holy Shroud, Incarnate Word, and Jesus of Mercy in prints and aged bronze medals on a dark background\" srcset=\"https:\/\/blanca-laura.com\/les-miscellanees-du-bonheur\/wp-content\/uploads\/2026\/04\/bundle-of-five-cards-and-five-medals-324x359.webp 324w, https:\/\/blanca-laura.com\/les-miscellanees-du-bonheur\/wp-content\/uploads\/2026\/04\/bundle-of-five-cards-and-five-medals-271x300.webp 271w, https:\/\/blanca-laura.com\/les-miscellanees-du-bonheur\/wp-content\/uploads\/2026\/04\/bundle-of-five-cards-and-five-medals-416x461.webp 416w, https:\/\/blanca-laura.com\/les-miscellanees-du-bonheur\/wp-content\/uploads\/2026\/04\/bundle-of-five-cards-and-five-medals.webp 764w\" sizes=\"(max-width: 324px) 100vw, 324px\" \/ data-src=\"https:\/\/blanca-laura.com\/les-miscellanees-du-bonheur\/wp-content\/uploads\/2026\/04\/bundle-of-five-cards-and-five-medals-324x359.webp\"><\/div>\n\t\t\t\t\t<div class=\"wc-block-grid__product-title\">Excellence &amp; Spirituality (English Edition)<\/div>\n\t\t\t\t<\/a>\n\t\t\t\t<div class=\"wc-block-grid__product-price price\"><span class=\"woocommerce-Price-amount amount\" aria-hidden=\"true\">5,00&nbsp;<span class=\"woocommerce-Price-currencySymbol\">&euro;<\/span><\/span> <span aria-hidden=\"true\">&ndash;<\/span> <span class=\"woocommerce-Price-amount amount\" aria-hidden=\"true\">40,00&nbsp;<span class=\"woocommerce-Price-currencySymbol\">&euro;<\/span><\/span><span class=\"screen-reader-text\">Price range: 5,00&nbsp;&euro; through 40,00&nbsp;&euro;<\/span><\/div>\n\t\t\t\t\n\t\t\t\t<div class=\"wp-block-button wc-block-grid__product-add-to-cart\"><a href=\"https:\/\/blanca-laura.com\/les-miscellanees-du-bonheur\/product\/catholic-medals-and-holy-cards\/\" aria-label=\"Select options for &ldquo;Excellence &amp; Spirituality (English Edition)&rdquo;\" data-quantity=\"1\" data-product_id=\"1233\" data-product_sku=\"\" data-price=\"5\" rel=\"nofollow\" class=\"wp-block-button__link  add_to_cart_button\">Select options<\/a><\/div>\n\t\t\t<\/li><li class=\"wc-block-grid__product\">\n\t\t\t\t<a href=\"https:\/\/blanca-laura.com\/les-miscellanees-du-bonheur\/product\/medallas-y-estampas-catolicas\/\" class=\"wc-block-grid__product-link\">\n\t\t\t\t\t\n\t\t\t\t\t<div class=\"wc-block-grid__product-image\"><img width=\"300\" height=\"332\"  class=\"attachment-woocommerce_thumbnail size-woocommerce_thumbnail lws-optimize-lazyload\" alt=\"Conjunto de los 4 modelos Virgen de Guadalupe, Santo Sudario, Verbo Encarnado y Jes\u00fas de la Misericordia en estampas y medallas de bronce envejecido sobre fondo oscuro\" srcset=\"https:\/\/blanca-laura.com\/les-miscellanees-du-bonheur\/wp-content\/uploads\/2026\/04\/paquete-de-cinco-estampas-y-cinco-medallas-catolicas-300x332.webp 300w, https:\/\/blanca-laura.com\/les-miscellanees-du-bonheur\/wp-content\/uploads\/2026\/04\/paquete-de-cinco-estampas-y-cinco-medallas-catolicas-271x300.webp 271w, https:\/\/blanca-laura.com\/les-miscellanees-du-bonheur\/wp-content\/uploads\/2026\/04\/paquete-de-cinco-estampas-y-cinco-medallas-catolicas-600x664.webp 600w, https:\/\/blanca-laura.com\/les-miscellanees-du-bonheur\/wp-content\/uploads\/2026\/04\/paquete-de-cinco-estampas-y-cinco-medallas-catolicas.webp 764w\" sizes=\"(max-width: 300px) 100vw, 300px\" \/ data-src=\"https:\/\/blanca-laura.com\/les-miscellanees-du-bonheur\/wp-content\/uploads\/2026\/04\/paquete-de-cinco-estampas-y-cinco-medallas-catolicas-300x332.webp\"><\/div>\n\t\t\t\t\t<div class=\"wc-block-grid__product-title\">Excelencia y Espiritualidad (Edici\u00f3n Espa\u00f1ola)<\/div>\n\t\t\t\t<\/a>\n\t\t\t\t<div class=\"wc-block-grid__product-price price\"><span class=\"woocommerce-Price-amount amount\" aria-hidden=\"true\">5,00&nbsp;<span class=\"woocommerce-Price-currencySymbol\">&euro;<\/span><\/span> <span aria-hidden=\"true\">&ndash;<\/span> <span class=\"woocommerce-Price-amount amount\" aria-hidden=\"true\">40,00&nbsp;<span class=\"woocommerce-Price-currencySymbol\">&euro;<\/span><\/span><span class=\"screen-reader-text\">Price range: 5,00&nbsp;&euro; through 40,00&nbsp;&euro;<\/span><\/div>\n\t\t\t\t\n\t\t\t\t<div class=\"wp-block-button wc-block-grid__product-add-to-cart\"><a href=\"https:\/\/blanca-laura.com\/les-miscellanees-du-bonheur\/product\/medallas-y-estampas-catolicas\/\" aria-label=\"Select options for &ldquo;Excelencia y Espiritualidad (Edici\u00f3n Espa\u00f1ola)&rdquo;\" data-quantity=\"1\" data-product_id=\"1166\" data-product_sku=\"\" data-price=\"5\" rel=\"nofollow\" class=\"wp-block-button__link  add_to_cart_button\">Select options<\/a><\/div>\n\t\t\t<\/li><li class=\"wc-block-grid__product\">\n\t\t\t\t<a href=\"https:\/\/blanca-laura.com\/les-miscellanees-du-bonheur\/product\/pack-excellence-et-liberte\/\" class=\"wc-block-grid__product-link\">\n\t\t\t\t\t\n\t\t\t\t\t<div class=\"wc-block-grid__product-image\"><img width=\"324\" height=\"440\"  class=\"attachment-woocommerce_thumbnail size-woocommerce_thumbnail lws-optimize-lazyload\" alt=\"Pr\u00e9sentation officielle de la m\u00e9thode Blanca-Laura &quot;The 5-Card Pack&quot;. Les cinq fiches de m\u00e9thodes (\u00c9conomiser, Prier en famille, Obtenir de bonnes notes, Mincir, Organiser le foyer) sont dispos\u00e9es en \u00e9ventail sur un fond gris tr\u00e8s clair. Titre principal en jaune : &quot;BLANCA-LAURA METHOD&quot;. Chaque fiche comporte une illustration color\u00e9e et un titre sp\u00e9cifique.\" srcset=\"https:\/\/blanca-laura.com\/les-miscellanees-du-bonheur\/wp-content\/uploads\/2026\/03\/pack-excellence-et-liberte-methodes-blanca-laura-watermark-324x440.webp 324w, https:\/\/blanca-laura.com\/les-miscellanees-du-bonheur\/wp-content\/uploads\/2026\/03\/pack-excellence-et-liberte-methodes-blanca-laura-watermark-221x300.webp 221w, https:\/\/blanca-laura.com\/les-miscellanees-du-bonheur\/wp-content\/uploads\/2026\/03\/pack-excellence-et-liberte-methodes-blanca-laura-watermark-753x1024.webp 753w, https:\/\/blanca-laura.com\/les-miscellanees-du-bonheur\/wp-content\/uploads\/2026\/03\/pack-excellence-et-liberte-methodes-blanca-laura-watermark-768x1044.webp 768w, https:\/\/blanca-laura.com\/les-miscellanees-du-bonheur\/wp-content\/uploads\/2026\/03\/pack-excellence-et-liberte-methodes-blanca-laura-watermark-416x565.webp 416w, https:\/\/blanca-laura.com\/les-miscellanees-du-bonheur\/wp-content\/uploads\/2026\/03\/pack-excellence-et-liberte-methodes-blanca-laura-watermark.webp 827w\" sizes=\"(max-width: 324px) 100vw, 324px\" \/ data-src=\"https:\/\/blanca-laura.com\/les-miscellanees-du-bonheur\/wp-content\/uploads\/2026\/03\/pack-excellence-et-liberte-methodes-blanca-laura-watermark-324x440.webp\"><\/div>\n\t\t\t\t\t<div class=\"wc-block-grid__product-title\">Pack Excellence et Libert\u00e9 (\u00c9dition Fran\u00e7aise)<\/div>\n\t\t\t\t<\/a>\n\t\t\t\t<div class=\"wc-block-grid__product-price price\"><span class=\"woocommerce-Price-amount amount\">177,00&nbsp;<span class=\"woocommerce-Price-currencySymbol\">&euro;<\/span><\/span><\/div>\n\t\t\t\t\n\t\t\t\t<div class=\"wp-block-button wc-block-grid__product-add-to-cart\"><a href=\"\/les-miscellanees-du-bonheur\/wp-json\/wp\/v2\/pages\/8?add-to-cart=863\" aria-label=\"Add to basket: &ldquo;Pack Excellence et Libert\u00e9 (\u00c9dition Fran\u00e7aise)&rdquo;\" data-quantity=\"1\" data-product_id=\"863\" data-product_sku=\"\" data-price=\"177\" rel=\"nofollow\" class=\"wp-block-button__link  add_to_cart_button ajax_add_to_cart\">Add to basket<\/a><\/div>\n\t\t\t<\/li><\/ul><\/div><\/div>\n<\/div>\n","protected":false},"excerpt":{"rendered":"","protected":false},"author":1,"featured_media":0,"parent":0,"menu_order":0,"comment_status":"closed","ping_status":"closed","template":"","meta":{"footnotes":""},"class_list":["post-8","page","type-page","status-publish","hentry"],"yoast_head":"<!-- This site is optimized with the Yoast SEO plugin v27.4 - https:\/\/yoast.com\/product\/yoast-seo-wordpress\/ -->\n<title>Cart<\/title>\n<meta name=\"robots\" content=\"index, follow, max-snippet:-1, max-image-preview:large, max-video-preview:-1\" \/>\n<link rel=\"canonical\" href=\"https:\/\/blanca-laura.com\/les-miscellanees-du-bonheur\/cart\/\" \/>\n<meta property=\"og:locale\" content=\"en_GB\" \/>\n<meta property=\"og:type\" content=\"article\" \/>\n<meta property=\"og:title\" content=\"Cart\" \/>\n<meta property=\"og:url\" content=\"https:\/\/blanca-laura.com\/les-miscellanees-du-bonheur\/cart\/\" \/>\n<meta property=\"og:site_name\" content=\"Les Miscellan\u00e9es du Bonheur\" \/>\n<meta property=\"article:publisher\" content=\"https:\/\/www.facebook.com\/profile.php?id=61551054304235&amp;locale=fr_FR\" \/>\n<meta property=\"article:modified_time\" content=\"2026-03-13T06:44:01+00:00\" \/>\n<meta name=\"twitter:card\" content=\"summary_large_image\" \/>\n<meta name=\"twitter:label1\" content=\"Estimated reading time\" \/>\n\t<meta name=\"twitter:data1\" content=\"1 minute\" \/>\n<script type=\"application\/ld+json\" class=\"yoast-schema-graph\">{\"@context\":\"https:\\\/\\\/schema.org\",\"@graph\":[{\"@type\":\"WebPage\",\"@id\":\"https:\\\/\\\/blanca-laura.com\\\/les-miscellanees-du-bonheur\\\/cart\\\/\",\"url\":\"https:\\\/\\\/blanca-laura.com\\\/les-miscellanees-du-bonheur\\\/cart\\\/\",\"name\":\"Cart\",\"isPartOf\":{\"@id\":\"https:\\\/\\\/blanca-laura.com\\\/les-miscellanees-du-bonheur\\\/#website\"},\"datePublished\":\"2025-07-07T08:27:54+00:00\",\"dateModified\":\"2026-03-13T06:44:01+00:00\",\"breadcrumb\":{\"@id\":\"https:\\\/\\\/blanca-laura.com\\\/les-miscellanees-du-bonheur\\\/cart\\\/#breadcrumb\"},\"inLanguage\":\"en-GB\",\"potentialAction\":[{\"@type\":\"ReadAction\",\"target\":[\"https:\\\/\\\/blanca-laura.com\\\/les-miscellanees-du-bonheur\\\/cart\\\/\"]}]},{\"@type\":\"BreadcrumbList\",\"@id\":\"https:\\\/\\\/blanca-laura.com\\\/les-miscellanees-du-bonheur\\\/cart\\\/#breadcrumb\",\"itemListElement\":[{\"@type\":\"ListItem\",\"position\":1,\"name\":\"Home\",\"item\":\"https:\\\/\\\/blanca-laura.com\\\/les-miscellanees-du-bonheur\\\/\"},{\"@type\":\"ListItem\",\"position\":2,\"name\":\"Basket | Canasta | Panier\"}]},{\"@type\":\"WebSite\",\"@id\":\"https:\\\/\\\/blanca-laura.com\\\/les-miscellanees-du-bonheur\\\/#website\",\"url\":\"https:\\\/\\\/blanca-laura.com\\\/les-miscellanees-du-bonheur\\\/\",\"name\":\"Blanca-Laura Methods official shop \\\"Les Miscellan\u00e9es du Bonheur\\\"\",\"description\":\"The official store to get the Blanca-Laura Methods for a Happy Life\",\"potentialAction\":[{\"@type\":\"SearchAction\",\"target\":{\"@type\":\"EntryPoint\",\"urlTemplate\":\"https:\\\/\\\/blanca-laura.com\\\/les-miscellanees-du-bonheur\\\/?s={search_term_string}\"},\"query-input\":{\"@type\":\"PropertyValueSpecification\",\"valueRequired\":true,\"valueName\":\"search_term_string\"}}],\"inLanguage\":\"en-GB\"}]}<\/script>\n<!-- \/ Yoast SEO plugin. -->","yoast_head_json":{"title":"Cart","robots":{"index":"index","follow":"follow","max-snippet":"max-snippet:-1","max-image-preview":"max-image-preview:large","max-video-preview":"max-video-preview:-1"},"canonical":"https:\/\/blanca-laura.com\/les-miscellanees-du-bonheur\/cart\/","og_locale":"en_GB","og_type":"article","og_title":"Cart","og_url":"https:\/\/blanca-laura.com\/les-miscellanees-du-bonheur\/cart\/","og_site_name":"Les Miscellan\u00e9es du Bonheur","article_publisher":"https:\/\/www.facebook.com\/profile.php?id=61551054304235&locale=fr_FR","article_modified_time":"2026-03-13T06:44:01+00:00","twitter_card":"summary_large_image","twitter_misc":{"Estimated reading time":"1 minute"},"schema":{"@context":"https:\/\/schema.org","@graph":[{"@type":"WebPage","@id":"https:\/\/blanca-laura.com\/les-miscellanees-du-bonheur\/cart\/","url":"https:\/\/blanca-laura.com\/les-miscellanees-du-bonheur\/cart\/","name":"Cart","isPartOf":{"@id":"https:\/\/blanca-laura.com\/les-miscellanees-du-bonheur\/#website"},"datePublished":"2025-07-07T08:27:54+00:00","dateModified":"2026-03-13T06:44:01+00:00","breadcrumb":{"@id":"https:\/\/blanca-laura.com\/les-miscellanees-du-bonheur\/cart\/#breadcrumb"},"inLanguage":"en-GB","potentialAction":[{"@type":"ReadAction","target":["https:\/\/blanca-laura.com\/les-miscellanees-du-bonheur\/cart\/"]}]},{"@type":"BreadcrumbList","@id":"https:\/\/blanca-laura.com\/les-miscellanees-du-bonheur\/cart\/#breadcrumb","itemListElement":[{"@type":"ListItem","position":1,"name":"Home","item":"https:\/\/blanca-laura.com\/les-miscellanees-du-bonheur\/"},{"@type":"ListItem","position":2,"name":"Basket | Canasta | Panier"}]},{"@type":"WebSite","@id":"https:\/\/blanca-laura.com\/les-miscellanees-du-bonheur\/#website","url":"https:\/\/blanca-laura.com\/les-miscellanees-du-bonheur\/","name":"Blanca-Laura Methods official shop \"Les Miscellan\u00e9es du Bonheur\"","description":"The official store to get the Blanca-Laura Methods for a Happy Life","potentialAction":[{"@type":"SearchAction","target":{"@type":"EntryPoint","urlTemplate":"https:\/\/blanca-laura.com\/les-miscellanees-du-bonheur\/?s={search_term_string}"},"query-input":{"@type":"PropertyValueSpecification","valueRequired":true,"valueName":"search_term_string"}}],"inLanguage":"en-GB"}]}},"_links":{"self":[{"href":"https:\/\/blanca-laura.com\/les-miscellanees-du-bonheur\/wp-json\/wp\/v2\/pages\/8","targetHints":{"allow":["GET"]}}],"collection":[{"href":"https:\/\/blanca-laura.com\/les-miscellanees-du-bonheur\/wp-json\/wp\/v2\/pages"}],"about":[{"href":"https:\/\/blanca-laura.com\/les-miscellanees-du-bonheur\/wp-json\/wp\/v2\/types\/page"}],"author":[{"embeddable":true,"href":"https:\/\/blanca-laura.com\/les-miscellanees-du-bonheur\/wp-json\/wp\/v2\/users\/1"}],"replies":[{"embeddable":true,"href":"https:\/\/blanca-laura.com\/les-miscellanees-du-bonheur\/wp-json\/wp\/v2\/comments?post=8"}],"version-history":[{"count":2,"href":"https:\/\/blanca-laura.com\/les-miscellanees-du-bonheur\/wp-json\/wp\/v2\/pages\/8\/revisions"}],"predecessor-version":[{"id":1078,"href":"https:\/\/blanca-laura.com\/les-miscellanees-du-bonheur\/wp-json\/wp\/v2\/pages\/8\/revisions\/1078"}],"wp:attachment":[{"href":"https:\/\/blanca-laura.com\/les-miscellanees-du-bonheur\/wp-json\/wp\/v2\/media?parent=8"}],"curies":[{"name":"wp","href":"https:\/\/api.w.org\/{rel}","templated":true}]}}